{"id":973,"date":"2022-01-26T16:17:05","date_gmt":"2022-01-26T16:17:05","guid":{"rendered":"https:\/\/scmalvorge.pt\/?page_id=973"},"modified":"2023-01-19T14:53:48","modified_gmt":"2023-01-19T14:53:48","slug":"contatos","status":"publish","type":"page","link":"https:\/\/scmalvorge.pt\/index.php\/contatos\/","title":{"rendered":"CONTATOS"},"content":{"rendered":"\n<p class=\"has-small-font-size\"><strong>Santa Casa da Miseric\u00f3rdia de Alvorge<\/strong><\/p>\n\n\n\n<p class=\"has-small-font-size\">Rua do Lar n\u00ba  53<\/p>\n\n\n\n<p class=\"has-small-font-size\">3240-407 Alvorge <\/p>\n\n\n\n<p class=\"has-small-font-size\"><strong>E-mail:<\/strong> geral@scmalvorge.pt<\/p>\n\n\n\n<p class=\"has-small-font-size\"><strong>Telf. :<\/strong> 236981390 (chamada para rede fixa nacional)<\/p>\n\n\n\n<p class=\"has-small-font-size\"><\/p>\n\n\n\n<p class=\"has-small-font-size\"><strong><em>Respostas Sociais<\/em> <\/strong><\/p>\n\n\n\n<p class=\"has-small-font-size\"><strong>Estrutura Residencial para Idosos <\/strong><\/p>\n\n\n\n<p class=\"has-small-font-size\"><strong>E-mail-<\/strong> erpi@scmalvorge<\/p>\n\n\n\n<p class=\"has-small-font-size\">Telm &#8211; 962684649 (chamada para rede m\u00f3vel nacional)<\/p>\n\n\n\n<p><\/p>\n\n\n\n<p class=\"has-small-font-size\"><strong>Centro de Atividades e Capacita\u00e7\u00e3o para a Inclus\u00e3o<\/strong><\/p>\n\n\n\n<p class=\"has-small-font-size\"><strong>E-mail &#8211;<\/strong> cao@scmalvorge.pt<\/p>\n\n\n\n<p class=\"has-small-font-size\"><strong>Telm &#8211;<\/strong> 962687654 (chamada para rede m\u00f3vel nacional)<\/p>\n\n\n\n<p class=\"has-small-font-size\"><\/p>\n\n\n\n<p class=\"has-small-font-size\"><strong>Lar Residencial<\/strong><\/p>\n\n\n\n<p class=\"has-small-font-size\"><strong>E-mail &#8211;<\/strong> residencia@scmalvorge.pt<\/p>\n\n\n\n<p class=\"has-small-font-size\"><strong>Telm<\/strong>&#8211; 925765405 (chamada para rede m\u00f3vel nacional)<\/p>\n\n\n\n<p> <\/p>\n","protected":false},"excerpt":{"rendered":"<p>Santa Casa da Miseric\u00f3rdia de Alvorge Rua do Lar n\u00ba 53 3240-407 Alvorge E-mail: geral@scmalvorge.pt Telf. : 236981390 (chamada para rede fixa nacional) Respostas Sociais Estrutura Residencial para Idosos E-mail- erpi@scmalvorge Telm &#8211; 962684649 (chamada para rede m\u00f3vel nacional) Centro de Atividades e Capacita\u00e7\u00e3o para a Inclus\u00e3o E-mail &#8211; cao@scmalvorge.pt Telm &#8211; 962687654 (chamada para [&hellip;]<\/p>\n","protected":false},"author":1,"featured_media":0,"parent":0,"menu_order":0,"comment_status":"closed","ping_status":"closed","template":"","meta":[],"_links":{"self":[{"href":"https:\/\/scmalvorge.pt\/index.php\/wp-json\/wp\/v2\/pages\/973"}],"collection":[{"href":"https:\/\/scmalvorge.pt\/index.php\/wp-json\/wp\/v2\/pages"}],"about":[{"href":"https:\/\/scmalvorge.pt\/index.php\/wp-json\/wp\/v2\/types\/page"}],"author":[{"embeddable":true,"href":"https:\/\/scmalvorge.pt\/index.php\/wp-json\/wp\/v2\/users\/1"}],"replies":[{"embeddable":true,"href":"https:\/\/scmalvorge.pt\/index.php\/wp-json\/wp\/v2\/comments?post=973"}],"version-history":[{"count":7,"href":"https:\/\/scmalvorge.pt\/index.php\/wp-json\/wp\/v2\/pages\/973\/revisions"}],"predecessor-version":[{"id":1175,"href":"https:\/\/scmalvorge.pt\/index.php\/wp-json\/wp\/v2\/pages\/973\/revisions\/1175"}],"wp:attachment":[{"href":"https:\/\/scmalvorge.pt\/index.php\/wp-json\/wp\/v2\/media?parent=973"}],"curies":[{"name":"wp","href":"https:\/\/api.w.org\/{rel}","templated":true}]}}