{"id":70,"date":"2015-09-27T22:30:53","date_gmt":"2015-09-27T22:30:53","guid":{"rendered":"http:\/\/scmalvorge.pt\/?page_id=70"},"modified":"2025-11-16T15:56:23","modified_gmt":"2025-11-16T15:56:23","slug":"r-a-atividades-e-contas","status":"publish","type":"page","link":"https:\/\/scmalvorge.pt\/index.php\/documentos\/r-a-atividades-e-contas\/","title":{"rendered":"R. A. ATIVIDADES E CONTAS"},"content":{"rendered":"\n<p><\/p>\n\n\n<p>\u00a0<\/p>\n<p style=\"text-align: center;\">\u00a0<\/p>\n<p><a href=\"http:\/\/scmalvorge.pt\/wp-content\/uploads\/2024\/05\/1.jpg\"><img loading=\"lazy\" class=\"aligncenter wp-image-1258 \" src=\"http:\/\/scmalvorge.pt\/wp-content\/uploads\/2024\/05\/1.jpg\" alt=\"\" width=\"535\" height=\"758\" srcset=\"https:\/\/scmalvorge.pt\/wp-content\/uploads\/2024\/05\/1.jpg 595w, https:\/\/scmalvorge.pt\/wp-content\/uploads\/2024\/05\/1-212x300.jpg 212w\" sizes=\"(max-width: 535px) 100vw, 535px\" \/><\/a><\/p>\n<p style=\"text-align: center;\"><a href=\"http:\/\/scmalvorge.pt\/wp-content\/uploads\/2024\/05\/Relatorio-de-Atividades-E-Contas-2023-COMPLETO-compactado-1.pdf\">RELAT\u00d3RIO DE ATIVIDADES E CONTAS DE 2023<\/a><\/p>\n<p style=\"text-align: center;\"><a href=\"http:\/\/scmalvorge.pt\/wp-content\/uploads\/2023\/04\/Relatorio-de-atividades-e-contas.png\"><img loading=\"lazy\" class=\"wp-image-1184  aligncenter\" src=\"http:\/\/scmalvorge.pt\/wp-content\/uploads\/2023\/04\/Relatorio-de-atividades-e-contas-723x1024.png\" alt=\"\" width=\"532\" height=\"753\" srcset=\"https:\/\/scmalvorge.pt\/wp-content\/uploads\/2023\/04\/Relatorio-de-atividades-e-contas-723x1024.png 723w, https:\/\/scmalvorge.pt\/wp-content\/uploads\/2023\/04\/Relatorio-de-atividades-e-contas-212x300.png 212w, https:\/\/scmalvorge.pt\/wp-content\/uploads\/2023\/04\/Relatorio-de-atividades-e-contas-768x1088.png 768w, https:\/\/scmalvorge.pt\/wp-content\/uploads\/2023\/04\/Relatorio-de-atividades-e-contas-1085x1536.png 1085w, https:\/\/scmalvorge.pt\/wp-content\/uploads\/2023\/04\/Relatorio-de-atividades-e-contas-1446x2048.png 1446w, https:\/\/scmalvorge.pt\/wp-content\/uploads\/2023\/04\/Relatorio-de-atividades-e-contas.png 1646w\" sizes=\"(max-width: 532px) 100vw, 532px\" \/><\/a><a href=\"http:\/\/scmalvorge.pt\/wp-content\/uploads\/2023\/04\/Relatorio-de-Atividades-e-Contas-compactado.pdf\">RELAT\u00d3RIO DE ATIVIDADES E CONTAS 2022\u00a0<\/a><\/p>\n<p>\u00a0<\/p>\n<p><img loading=\"lazy\" class=\"aligncenter\" src=\"http:\/\/scmalvorge.pt\/wp-content\/uploads\/2022\/04\/Capa-Relatorio-de-atividades-e-contas-2021-2-723x1024.png\" alt=\"Esta imagem tem um texto alternativo em branco, o nome da imagem \u00e9 Capa-Relatorio-de-atividades-e-contas-2021-2-723x1024.png\" width=\"512\" height=\"725\" \/><\/p>\n<p style=\"text-align: center;\"><a href=\"http:\/\/scmalvorge.pt\/wp-content\/uploads\/2022\/04\/Relatorio-de-atividades-e-contas-2021-compactado.pdf\"><strong>RELAT\u00d3RIO DE ATIVIDADES<\/strong> <strong>E\u00a0CONTAS<\/strong> <strong>2021<\/strong><\/a><\/p>\n<p><a href=\"http:\/\/scmalvorge.pt\/wp-content\/uploads\/2021\/06\/RELATORIO-DE-ATIVIDADES-E-CONTAS-2020-4-compactado.pdf\"><img loading=\"lazy\" class=\"aligncenter\" src=\"http:\/\/scmalvorge.pt\/wp-content\/uploads\/2021\/06\/capa-1-724x1024.jpg\" alt=\"Esta imagem tem um texto alternativo em branco, o nome da imagem \u00e9 capa-1-724x1024.jpg\" width=\"565\" height=\"799\" \/><\/a><\/p>\n<p style=\"text-align: center;\"><strong><a href=\"http:\/\/scmalvorge.pt\/wp-content\/uploads\/2021\/06\/RELATORIO-DE-ATIVIDADES-E-CONTAS-2020-4-compactado.pdf\" target=\"_blank\" rel=\"noreferrer noopener\">RELAT\u00d3RIO DE ATIVIDADES E CONTAS 2020<\/a><\/strong><\/p>\n<p><img loading=\"lazy\" class=\"aligncenter\" src=\"http:\/\/scmalvorge.pt\/wp-content\/uploads\/2020\/07\/Page0001-1.jpg\" alt=\"Esta imagem tem um texto alternativo em branco, o nome da imagem \u00e9 Page0001-1.jpg\" width=\"581\" height=\"821\" \/><\/p>\n<p style=\"text-align: center;\"><strong><a href=\"http:\/\/scmalvorge.pt\/wp-content\/uploads\/2020\/07\/RELATORIO-DE-ATIVIDADES-E-CONTASnovo.pdf\" data-rich-text-format-boundary=\"true\">RELATORIO DE ATIVIDADES E CONTAS DE 2019<\/a><\/strong><\/p>\n<p style=\"text-align: center;\"><a href=\"http:\/\/scmalvorge.pt\/wp-content\/uploads\/2019\/06\/Page0001.jpg\"><img loading=\"lazy\" class=\"aligncenter wp-image-860 \" src=\"http:\/\/scmalvorge.pt\/wp-content\/uploads\/2019\/06\/Page0001-724x1024.jpg\" alt=\"\" width=\"581\" height=\"821\" srcset=\"https:\/\/scmalvorge.pt\/wp-content\/uploads\/2019\/06\/Page0001-724x1024.jpg 724w, https:\/\/scmalvorge.pt\/wp-content\/uploads\/2019\/06\/Page0001-212x300.jpg 212w, https:\/\/scmalvorge.pt\/wp-content\/uploads\/2019\/06\/Page0001-768x1086.jpg 768w\" sizes=\"(max-width: 581px) 100vw, 581px\" \/><\/a><strong><a href=\"http:\/\/scmalvorge.pt\/wp-content\/uploads\/2019\/06\/relatorio-2018-06062019123606.pdf\">RELAT\u00d3RIO DE ATIVIDADES E CONTAS 2018<\/a><\/strong><\/p>\n<p><a href=\"http:\/\/scmalvorge.pt\/wp-content\/uploads\/2019\/02\/relatorio-2017.jpg\"><img loading=\"lazy\" class=\"aligncenter wp-image-685 \" src=\"http:\/\/scmalvorge.pt\/wp-content\/uploads\/2019\/02\/relatorio-2017-724x1024.jpg\" alt=\"\" width=\"581\" height=\"820\" \/><\/a><\/p>\n<p style=\"text-align: center;\"><strong><a href=\"http:\/\/scmalvorge.pt\/wp-content\/uploads\/2018\/07\/RELATORIO-ATIVIDADES-E-CONTA-2017.pdf\">RELAT\u00d3RIO DE ATIVIDADES E CONTA 2017<\/a><\/strong><\/p>\n<p><a href=\"http:\/\/scmalvorge.pt\/wp-content\/uploads\/2019\/02\/relatorio-2016.jpg\"><img loading=\"lazy\" class=\"aligncenter wp-image-686 \" src=\"http:\/\/scmalvorge.pt\/wp-content\/uploads\/2019\/02\/relatorio-2016-724x1024.jpg\" alt=\"\" width=\"581\" height=\"821\" srcset=\"https:\/\/scmalvorge.pt\/wp-content\/uploads\/2019\/02\/relatorio-2016-724x1024.jpg 724w, https:\/\/scmalvorge.pt\/wp-content\/uploads\/2019\/02\/relatorio-2016-212x300.jpg 212w, https:\/\/scmalvorge.pt\/wp-content\/uploads\/2019\/02\/relatorio-2016-768x1086.jpg 768w\" sizes=\"(max-width: 581px) 100vw, 581px\" \/><\/a><\/p>\n<p style=\"text-align: center;\"><strong><a href=\"http:\/\/scmalvorge.pt\/wp-content\/uploads\/2018\/07\/RELATORIO-DE-ATIVIDADES-E-CONTAS-2016.pdf\">RELAT\u00d3RIO DE ATIVIDADES E CONTAS 2016<\/a><\/strong><\/p>\n<p><a href=\"http:\/\/scmalvorge.pt\/wp-content\/uploads\/2016\/06\/Publica\u00e7\u00e3o1.jpg\"><img loading=\"lazy\" class=\"aligncenter wp-image-370 size-large\" src=\"http:\/\/scmalvorge.pt\/wp-content\/uploads\/2016\/06\/Publica\u00e7\u00e3o1-724x1024.jpg\" alt=\"\" width=\"724\" height=\"1024\" srcset=\"https:\/\/scmalvorge.pt\/wp-content\/uploads\/2016\/06\/Publica\u00e7\u00e3o1-724x1024.jpg 724w, https:\/\/scmalvorge.pt\/wp-content\/uploads\/2016\/06\/Publica\u00e7\u00e3o1-212x300.jpg 212w, https:\/\/scmalvorge.pt\/wp-content\/uploads\/2016\/06\/Publica\u00e7\u00e3o1.jpg 1240w\" sizes=\"(max-width: 724px) 100vw, 724px\" \/><\/a><\/p>\n<p style=\"text-align: center;\"><strong><a href=\"http:\/\/scmalvorge.pt\/wp-content\/uploads\/2015\/09\/RELATORIO-ANUAL-DE-ATIVIDADES-E-CONTAS-2015.pdf\">RELAT\u00d3RIO ANUAL DE ATIVIDADES E CONTAS 2015<\/a><\/strong><\/p>\n\n\n<p><\/p>\n","protected":false},"excerpt":{"rendered":"<p>\u00a0 \u00a0 RELAT\u00d3RIO DE ATIVIDADES E CONTAS DE 2023 RELAT\u00d3RIO DE ATIVIDADES E CONTAS 2022\u00a0 \u00a0 RELAT\u00d3RIO DE ATIVIDADES E\u00a0CONTAS 2021 RELAT\u00d3RIO DE ATIVIDADES E CONTAS 2020 RELATORIO DE ATIVIDADES E CONTAS DE 2019 RELAT\u00d3RIO DE ATIVIDADES E CONTAS 2018 RELAT\u00d3RIO DE ATIVIDADES E CONTA 2017 RELAT\u00d3RIO DE ATIVIDADES E CONTAS 2016 RELAT\u00d3RIO ANUAL DE [&hellip;]<\/p>\n","protected":false},"author":1,"featured_media":0,"parent":62,"menu_order":0,"comment_status":"closed","ping_status":"closed","template":"","meta":[],"_links":{"self":[{"href":"https:\/\/scmalvorge.pt\/index.php\/wp-json\/wp\/v2\/pages\/70"}],"collection":[{"href":"https:\/\/scmalvorge.pt\/index.php\/wp-json\/wp\/v2\/pages"}],"about":[{"href":"https:\/\/scmalvorge.pt\/index.php\/wp-json\/wp\/v2\/types\/page"}],"author":[{"embeddable":true,"href":"https:\/\/scmalvorge.pt\/index.php\/wp-json\/wp\/v2\/users\/1"}],"replies":[{"embeddable":true,"href":"https:\/\/scmalvorge.pt\/index.php\/wp-json\/wp\/v2\/comments?post=70"}],"version-history":[{"count":47,"href":"https:\/\/scmalvorge.pt\/index.php\/wp-json\/wp\/v2\/pages\/70\/revisions"}],"predecessor-version":[{"id":1289,"href":"https:\/\/scmalvorge.pt\/index.php\/wp-json\/wp\/v2\/pages\/70\/revisions\/1289"}],"up":[{"embeddable":true,"href":"https:\/\/scmalvorge.pt\/index.php\/wp-json\/wp\/v2\/pages\/62"}],"wp:attachment":[{"href":"https:\/\/scmalvorge.pt\/index.php\/wp-json\/wp\/v2\/media?parent=70"}],"curies":[{"name":"wp","href":"https:\/\/api.w.org\/{rel}","templated":true}]}}