{"id":68,"date":"2015-09-27T22:29:39","date_gmt":"2015-09-27T22:29:39","guid":{"rendered":"http:\/\/scmalvorge.pt\/?page_id=68"},"modified":"2024-01-05T17:20:22","modified_gmt":"2024-01-05T17:20:22","slug":"p-anual-atividades","status":"publish","type":"page","link":"https:\/\/scmalvorge.pt\/index.php\/documentos\/p-anual-atividades\/","title":{"rendered":"P. ANUAL ATIVIDADES"},"content":{"rendered":"<p><a href=\"http:\/\/scmalvorge.pt\/wp-content\/uploads\/2024\/01\/capas-do-plano-anual-de-atividades-2024.png\"><img loading=\"lazy\" class=\"wp-image-1198  aligncenter\" src=\"http:\/\/scmalvorge.pt\/wp-content\/uploads\/2024\/01\/capas-do-plano-anual-de-atividades-2024.png\" alt=\"\" width=\"721\" height=\"1020\" srcset=\"https:\/\/scmalvorge.pt\/wp-content\/uploads\/2024\/01\/capas-do-plano-anual-de-atividades-2024.png 1414w, https:\/\/scmalvorge.pt\/wp-content\/uploads\/2024\/01\/capas-do-plano-anual-de-atividades-2024-212x300.png 212w, https:\/\/scmalvorge.pt\/wp-content\/uploads\/2024\/01\/capas-do-plano-anual-de-atividades-2024-724x1024.png 724w, https:\/\/scmalvorge.pt\/wp-content\/uploads\/2024\/01\/capas-do-plano-anual-de-atividades-2024-768x1086.png 768w, https:\/\/scmalvorge.pt\/wp-content\/uploads\/2024\/01\/capas-do-plano-anual-de-atividades-2024-1086x1536.png 1086w\" sizes=\"(max-width: 721px) 100vw, 721px\" \/><\/a><\/p>\n<p style=\"text-align: center;\"><a href=\"http:\/\/scmalvorge.pt\/wp-content\/uploads\/2024\/01\/Plano-de-Atividades-de-2024.pdf\">PLANO ANUAL DE ATIVIDADES E OR\u00c7AMENTO 2024<\/a><\/p>\n<p style=\"text-align: center;\"><img loading=\"lazy\" class=\"wp-image-1146 size-large aligncenter\" src=\"http:\/\/scmalvorge.pt\/wp-content\/uploads\/2022\/12\/Plano-de-atividade-2023-723x1024.png\" alt=\"\" width=\"723\" height=\"1024\" srcset=\"https:\/\/scmalvorge.pt\/wp-content\/uploads\/2022\/12\/Plano-de-atividade-2023-723x1024.png 723w, https:\/\/scmalvorge.pt\/wp-content\/uploads\/2022\/12\/Plano-de-atividade-2023-212x300.png 212w, https:\/\/scmalvorge.pt\/wp-content\/uploads\/2022\/12\/Plano-de-atividade-2023-768x1088.png 768w, https:\/\/scmalvorge.pt\/wp-content\/uploads\/2022\/12\/Plano-de-atividade-2023-1084x1536.png 1084w, https:\/\/scmalvorge.pt\/wp-content\/uploads\/2022\/12\/Plano-de-atividade-2023-1445x2048.png 1445w\" sizes=\"(max-width: 723px) 100vw, 723px\" \/><a href=\"http:\/\/scmalvorge.pt\/wp-content\/uploads\/2022\/12\/Plano-de-atividade-2023-14122022112926-compactado.pdf\">PLANO ANUAL DE ATIVIDADES E OR\u00c7AMENTO DE 2023<\/a><\/p>\n<p><a href=\"http:\/\/scmalvorge.pt\/wp-content\/uploads\/2022\/03\/capa-relatorio_page-0001.jpg\"><img loading=\"lazy\" class=\"aligncenter wp-image-1059 \" src=\"http:\/\/scmalvorge.pt\/wp-content\/uploads\/2022\/03\/capa-relatorio_page-0001.jpg\" alt=\"\" width=\"727\" height=\"1029\" srcset=\"https:\/\/scmalvorge.pt\/wp-content\/uploads\/2022\/03\/capa-relatorio_page-0001.jpg 1240w, https:\/\/scmalvorge.pt\/wp-content\/uploads\/2022\/03\/capa-relatorio_page-0001-212x300.jpg 212w, https:\/\/scmalvorge.pt\/wp-content\/uploads\/2022\/03\/capa-relatorio_page-0001-724x1024.jpg 724w, https:\/\/scmalvorge.pt\/wp-content\/uploads\/2022\/03\/capa-relatorio_page-0001-768x1087.jpg 768w, https:\/\/scmalvorge.pt\/wp-content\/uploads\/2022\/03\/capa-relatorio_page-0001-1085x1536.jpg 1085w\" sizes=\"(max-width: 727px) 100vw, 727px\" \/><\/a><\/p>\n<p style=\"text-align: center;\"><a href=\"http:\/\/scmalvorge.pt\/wp-content\/uploads\/2022\/02\/Plano-Anual-de-Atividades-e-Orcamento-202220.pdf\">PLANO ANUAL DE ATIVIDADES E OR\u00c7AMENTO 2022<\/a><\/p>\n<p><a href=\"http:\/\/scmalvorge.pt\/wp-content\/uploads\/2021\/03\/Page0001-2-scaled.jpg\"><img loading=\"lazy\" class=\"aligncenter wp-image-895 size-large\" src=\"http:\/\/scmalvorge.pt\/wp-content\/uploads\/2021\/03\/Page0001-2-724x1024.jpg\" alt=\"\" width=\"724\" height=\"1024\" srcset=\"https:\/\/scmalvorge.pt\/wp-content\/uploads\/2021\/03\/Page0001-2-724x1024.jpg 724w, https:\/\/scmalvorge.pt\/wp-content\/uploads\/2021\/03\/Page0001-2-212x300.jpg 212w, https:\/\/scmalvorge.pt\/wp-content\/uploads\/2021\/03\/Page0001-2-768x1086.jpg 768w, https:\/\/scmalvorge.pt\/wp-content\/uploads\/2021\/03\/Page0001-2-1086x1536.jpg 1086w, https:\/\/scmalvorge.pt\/wp-content\/uploads\/2021\/03\/Page0001-2-1448x2048.jpg 1448w, https:\/\/scmalvorge.pt\/wp-content\/uploads\/2021\/03\/Page0001-2-scaled.jpg 1810w\" sizes=\"(max-width: 724px) 100vw, 724px\" \/><\/a><\/p>\n<p style=\"text-align: center;\"><a href=\"http:\/\/scmalvorge.pt\/wp-content\/uploads\/2021\/03\/PLANO-ANUAL-DE-ATIVIDADES-E-ORCAMENTO-2021-15032021182550.pdf\">P<\/a><a href=\"http:\/\/scmalvorge.pt\/wp-content\/uploads\/2021\/03\/PLANO-ANUAL-DE-ATIVIDADES-E-ORCAMENTO-2021-15032021182550.pdf\">LANO ANUAL DE ATIVIDADES E OR\u00c7AMENTO 2021<\/a><\/p>\n<p><a href=\"http:\/\/scmalvorge.pt\/wp-content\/uploads\/2019\/02\/0001-2.jpg\"><img loading=\"lazy\" class=\"wp-image-509 size-large aligncenter\" src=\"http:\/\/scmalvorge.pt\/wp-content\/uploads\/2019\/02\/0001-2-724x1024.jpg\" alt=\"\" width=\"724\" height=\"1024\" srcset=\"https:\/\/scmalvorge.pt\/wp-content\/uploads\/2019\/02\/0001-2-724x1024.jpg 724w, https:\/\/scmalvorge.pt\/wp-content\/uploads\/2019\/02\/0001-2-212x300.jpg 212w, https:\/\/scmalvorge.pt\/wp-content\/uploads\/2019\/02\/0001-2-768x1086.jpg 768w\" sizes=\"(max-width: 724px) 100vw, 724px\" \/><\/a><\/p>\n<p style=\"text-align: center;\"><a href=\"http:\/\/scmalvorge.pt\/wp-content\/uploads\/2019\/02\/PLANO-ATIVIDADES-E-OR\u00c7AMENTO-2019.pdf\">PLANO ATIVIDADES E OR\u00c7AMENTO 2019<\/a><\/p>\n<p><a href=\"http:\/\/scmalvorge.pt\/wp-content\/uploads\/2019\/02\/plano-2018.jpg\"><img loading=\"lazy\" class=\"aligncenter wp-image-688 size-large\" src=\"http:\/\/scmalvorge.pt\/wp-content\/uploads\/2019\/02\/plano-2018-724x1024.jpg\" alt=\"\" width=\"724\" height=\"1024\" srcset=\"https:\/\/scmalvorge.pt\/wp-content\/uploads\/2019\/02\/plano-2018-724x1024.jpg 724w, https:\/\/scmalvorge.pt\/wp-content\/uploads\/2019\/02\/plano-2018-212x300.jpg 212w, https:\/\/scmalvorge.pt\/wp-content\/uploads\/2019\/02\/plano-2018-768x1086.jpg 768w\" sizes=\"(max-width: 724px) 100vw, 724px\" \/><\/a><\/p>\n<p style=\"text-align: center;\"><a href=\"http:\/\/scmalvorge.pt\/wp-content\/uploads\/2018\/07\/PLANO-ANUAL-DE-ATIVIDADES-E-OR\u00c7AMENTO-2018.pdf\">PLANO ANUAL DE ATIVIDADES E OR\u00c7AMENTO 2018<\/a><\/p>\n<p><a href=\"http:\/\/scmalvorge.pt\/wp-content\/uploads\/2019\/02\/plano-2017.jpg\"><img loading=\"lazy\" class=\"aligncenter wp-image-687 size-large\" src=\"http:\/\/scmalvorge.pt\/wp-content\/uploads\/2019\/02\/plano-2017-724x1024.jpg\" alt=\"\" width=\"724\" height=\"1024\" srcset=\"https:\/\/scmalvorge.pt\/wp-content\/uploads\/2019\/02\/plano-2017-724x1024.jpg 724w, https:\/\/scmalvorge.pt\/wp-content\/uploads\/2019\/02\/plano-2017-212x300.jpg 212w, https:\/\/scmalvorge.pt\/wp-content\/uploads\/2019\/02\/plano-2017-768x1086.jpg 768w\" sizes=\"(max-width: 724px) 100vw, 724px\" \/><\/a><\/p>\n<p style=\"text-align: center;\"><a href=\"http:\/\/scmalvorge.pt\/wp-content\/uploads\/2019\/02\/PLANO-DE-ATIVIDADES-E-OR\u00c7AMENTO-2017.pdf\">PLANO DE ATIVIDADES E OR\u00c7AMENTO 2017<\/a><\/p>\n<p><a href=\"http:\/\/scmalvorge.pt\/wp-content\/uploads\/2019\/02\/PLANO-2016.jpg\"><img loading=\"lazy\" class=\"aligncenter wp-image-759 size-large\" src=\"http:\/\/scmalvorge.pt\/wp-content\/uploads\/2019\/02\/PLANO-2016-724x1024.jpg\" alt=\"\" width=\"724\" height=\"1024\" srcset=\"https:\/\/scmalvorge.pt\/wp-content\/uploads\/2019\/02\/PLANO-2016-724x1024.jpg 724w, https:\/\/scmalvorge.pt\/wp-content\/uploads\/2019\/02\/PLANO-2016-212x300.jpg 212w, https:\/\/scmalvorge.pt\/wp-content\/uploads\/2019\/02\/PLANO-2016-768x1086.jpg 768w\" sizes=\"(max-width: 724px) 100vw, 724px\" \/><\/a><\/p>\n<p style=\"text-align: center;\"><a href=\"http:\/\/scmalvorge.pt\/wp-content\/uploads\/2016\/02\/PLANO-DE-ATIVIDADES-E-CONTAS-DE-2016.pdf\">PLANO DE ATIVIDADES E CONTAS DE 2016<\/a><\/p>\n","protected":false},"excerpt":{"rendered":"<p>PLANO ANUAL DE ATIVIDADES E OR\u00c7AMENTO 2024 PLANO ANUAL DE ATIVIDADES E OR\u00c7AMENTO DE 2023 PLANO ANUAL DE ATIVIDADES E OR\u00c7AMENTO 2022 PLANO ANUAL DE ATIVIDADES E OR\u00c7AMENTO 2021 PLANO ATIVIDADES E OR\u00c7AMENTO 2019 PLANO ANUAL DE ATIVIDADES E OR\u00c7AMENTO 2018 PLANO DE ATIVIDADES E OR\u00c7AMENTO 2017 PLANO DE ATIVIDADES E CONTAS DE 2016<\/p>\n","protected":false},"author":1,"featured_media":0,"parent":62,"menu_order":0,"comment_status":"closed","ping_status":"closed","template":"","meta":[],"_links":{"self":[{"href":"https:\/\/scmalvorge.pt\/index.php\/wp-json\/wp\/v2\/pages\/68"}],"collection":[{"href":"https:\/\/scmalvorge.pt\/index.php\/wp-json\/wp\/v2\/pages"}],"about":[{"href":"https:\/\/scmalvorge.pt\/index.php\/wp-json\/wp\/v2\/types\/page"}],"author":[{"embeddable":true,"href":"https:\/\/scmalvorge.pt\/index.php\/wp-json\/wp\/v2\/users\/1"}],"replies":[{"embeddable":true,"href":"https:\/\/scmalvorge.pt\/index.php\/wp-json\/wp\/v2\/comments?post=68"}],"version-history":[{"count":34,"href":"https:\/\/scmalvorge.pt\/index.php\/wp-json\/wp\/v2\/pages\/68\/revisions"}],"predecessor-version":[{"id":1203,"href":"https:\/\/scmalvorge.pt\/index.php\/wp-json\/wp\/v2\/pages\/68\/revisions\/1203"}],"up":[{"embeddable":true,"href":"https:\/\/scmalvorge.pt\/index.php\/wp-json\/wp\/v2\/pages\/62"}],"wp:attachment":[{"href":"https:\/\/scmalvorge.pt\/index.php\/wp-json\/wp\/v2\/media?parent=68"}],"curies":[{"name":"wp","href":"https:\/\/api.w.org\/{rel}","templated":true}]}}