{"id":50,"date":"2015-09-27T22:14:03","date_gmt":"2015-09-27T22:14:03","guid":{"rendered":"http:\/\/scmalvorge.pt\/?page_id=50"},"modified":"2015-10-04T21:16:05","modified_gmt":"2015-10-04T21:16:05","slug":"missao-visao-e-valores","status":"publish","type":"page","link":"https:\/\/scmalvorge.pt\/index.php\/apresentacao\/missao-visao-e-valores\/","title":{"rendered":"MISS\u00c3O, VIS\u00c3O E VALORES"},"content":{"rendered":"<p><a href=\"http:\/\/scmalvorge.pt\/wp-content\/uploads\/2015\/09\/valores.jpg\"><img loading=\"lazy\" class=\"alignleft wp-image-130\" src=\"http:\/\/scmalvorge.pt\/wp-content\/uploads\/2015\/09\/valores.jpg\" alt=\"valores\" width=\"503\" height=\"461\" srcset=\"https:\/\/scmalvorge.pt\/wp-content\/uploads\/2015\/09\/valores.jpg 682w, https:\/\/scmalvorge.pt\/wp-content\/uploads\/2015\/09\/valores-300x275.jpg 300w\" sizes=\"(max-width: 503px) 100vw, 503px\" \/><\/a>A Santa Casa da Miseric\u00f3rdia de Alvorge apresenta a sua Miss\u00e3o e Vis\u00e3o, estabelecidas com base num conjunto de Valores assumidos pela institui\u00e7\u00e3o como sendo os pilares que suportam a qualidade dos servi\u00e7os prestados.<\/p>\n<p><strong>MISS\u00c3O<\/strong><br \/>\nServir o cliente, apoiar a fam\u00edlia e desenvolver a comunidade.<\/p>\n<p><strong>VIS\u00c3O<\/strong><br \/>\nSer uma institui\u00e7\u00e3o social de refer\u00eancia, reconhecida pela qualidade dos servi\u00e7os prestados e pela rela\u00e7\u00e3o com clientes e suas fam\u00edlias.<\/p>\n<p><strong>VALORES<\/strong><br \/>\n\u2022 Qualidade do Servi\u00e7o;<br \/>\n\u2022 Solidariedade;<br \/>\n\u2022 Humaniza\u00e7\u00e3o;<br \/>\n\u2022 \u00c9tica;<br \/>\n\u2022 Igualdade;<\/p>\n","protected":false},"excerpt":{"rendered":"<p>A Santa Casa da Miseric\u00f3rdia de Alvorge apresenta a sua Miss\u00e3o e Vis\u00e3o, estabelecidas com base num conjunto de Valores assumidos pela institui\u00e7\u00e3o como sendo os pilares que suportam a qualidade dos servi\u00e7os prestados. MISS\u00c3O Servir o cliente, apoiar a fam\u00edlia e desenvolver a comunidade. VIS\u00c3O Ser uma institui\u00e7\u00e3o social de refer\u00eancia, reconhecida pela qualidade [&hellip;]<\/p>\n","protected":false},"author":1,"featured_media":0,"parent":11,"menu_order":0,"comment_status":"closed","ping_status":"closed","template":"","meta":[],"_links":{"self":[{"href":"https:\/\/scmalvorge.pt\/index.php\/wp-json\/wp\/v2\/pages\/50"}],"collection":[{"href":"https:\/\/scmalvorge.pt\/index.php\/wp-json\/wp\/v2\/pages"}],"about":[{"href":"https:\/\/scmalvorge.pt\/index.php\/wp-json\/wp\/v2\/types\/page"}],"author":[{"embeddable":true,"href":"https:\/\/scmalvorge.pt\/index.php\/wp-json\/wp\/v2\/users\/1"}],"replies":[{"embeddable":true,"href":"https:\/\/scmalvorge.pt\/index.php\/wp-json\/wp\/v2\/comments?post=50"}],"version-history":[{"count":3,"href":"https:\/\/scmalvorge.pt\/index.php\/wp-json\/wp\/v2\/pages\/50\/revisions"}],"predecessor-version":[{"id":133,"href":"https:\/\/scmalvorge.pt\/index.php\/wp-json\/wp\/v2\/pages\/50\/revisions\/133"}],"up":[{"embeddable":true,"href":"https:\/\/scmalvorge.pt\/index.php\/wp-json\/wp\/v2\/pages\/11"}],"wp:attachment":[{"href":"https:\/\/scmalvorge.pt\/index.php\/wp-json\/wp\/v2\/media?parent=50"}],"curies":[{"name":"wp","href":"https:\/\/api.w.org\/{rel}","templated":true}]}}